{"id":46137,"date":"2022-04-30T16:13:51","date_gmt":"2022-04-30T15:13:51","guid":{"rendered":"https:\/\/vay-styves.fr\/?page_id=46137"},"modified":"2022-04-30T16:24:52","modified_gmt":"2022-04-30T15:24:52","slug":"restauration","status":"publish","type":"page","link":"https:\/\/vay-styves.fr\/?page_id=46137","title":{"rendered":"Restauration"},"content":{"rendered":"<p><span style=\"font-family: verdana, geneva, sans-serif;\">La restauration est assur\u00e9e par la mairie.<\/span><\/p>\n<p><span style=\"font-family: verdana, geneva, sans-serif;\">Depuis janvier 2020, les enfants sont accueillis dans le nouveau p\u00f4le enfance, 25 route de Pless\u00e9. Pour s&rsquo;y rendre, les enfants empruntent un court chemin en bordure de for\u00eat. <\/span><\/p>\n<p><span style=\"font-family: verdana, geneva, sans-serif;\">Pour plus d&rsquo;informations, vous pouvez contacter la mairie :<\/span><\/p>\n<p><span style=\"font-family: verdana, geneva, sans-serif;\"><a href=\"https:\/\/www.vay.fr\/le-restaurant-municipal\/\">https:\/\/www.vay.fr\/le-restaurant-municipal\/<\/a><\/span><\/p>\n<p><span style=\"font-family: verdana, geneva, sans-serif; color: #339966;\">Les menus sont \u00e9galement visibles sur cette page.<\/span><\/p>\n<p><a href=\"https:\/\/vay-styves.fr\/wp-content\/uploads\/2022\/04\/Restaurant-municipal.jpg\"><img loading=\"lazy\" decoding=\"async\" class=\"aligncenter size-medium wp-image-46152\" src=\"https:\/\/vay-styves.fr\/wp-content\/uploads\/2022\/04\/Restaurant-municipal-300x225.jpg\" alt=\"\" width=\"300\" height=\"225\" srcset=\"https:\/\/vay-styves.fr\/wp-content\/uploads\/2022\/04\/Restaurant-municipal-300x225.jpg 300w, https:\/\/vay-styves.fr\/wp-content\/uploads\/2022\/04\/Restaurant-municipal-1024x768.jpg 1024w, https:\/\/vay-styves.fr\/wp-content\/uploads\/2022\/04\/Restaurant-municipal-768x576.jpg 768w, https:\/\/vay-styves.fr\/wp-content\/uploads\/2022\/04\/Restaurant-municipal.jpg 1152w\" sizes=\"auto, (max-width: 300px) 100vw, 300px\" \/><\/a><\/p>\n\n\t\t<style type=\"text\/css\">\n\t\t\t#gallery-1 {\n\t\t\t\tmargin: auto;\n\t\t\t}\n\t\t\t#gallery-1 .gallery-item {\n\t\t\t\tfloat: left;\n\t\t\t\tmargin-top: 10px;\n\t\t\t\ttext-align: center;\n\t\t\t\twidth: 33%;\n\t\t\t}\n\t\t\t#gallery-1 img {\n\t\t\t\tborder: 2px solid #cfcfcf;\n\t\t\t}\n\t\t\t#gallery-1 .gallery-caption {\n\t\t\t\tmargin-left: 0;\n\t\t\t}\n\t\t\t\/* see gallery_shortcode() in wp-includes\/media.php *\/\n\t\t<\/style>\n\t\t<div id='gallery-1' class='gallery galleryid-46137 gallery-columns-3 gallery-size-large'><dl class='gallery-item'>\n\t\t\t<dt class='gallery-icon landscape'>\n\t\t\t\t<a href='https:\/\/vay-styves.fr\/?attachment_id=46138'><img loading=\"lazy\" decoding=\"async\" width=\"1024\" height=\"768\" src=\"https:\/\/vay-styves.fr\/wp-content\/uploads\/2022\/04\/IMG_5201-1024x768.jpg\" class=\"attachment-large size-large\" alt=\"\" srcset=\"https:\/\/vay-styves.fr\/wp-content\/uploads\/2022\/04\/IMG_5201-1024x768.jpg 1024w, https:\/\/vay-styves.fr\/wp-content\/uploads\/2022\/04\/IMG_5201-300x225.jpg 300w, https:\/\/vay-styves.fr\/wp-content\/uploads\/2022\/04\/IMG_5201-768x576.jpg 768w, https:\/\/vay-styves.fr\/wp-content\/uploads\/2022\/04\/IMG_5201-1536x1152.jpg 1536w, https:\/\/vay-styves.fr\/wp-content\/uploads\/2022\/04\/IMG_5201-2048x1536.jpg 2048w, https:\/\/vay-styves.fr\/wp-content\/uploads\/2022\/04\/IMG_5201-1440x1080.jpg 1440w\" sizes=\"auto, (max-width: 1024px) 100vw, 1024px\" \/><\/a>\n\t\t\t<\/dt><\/dl><dl class='gallery-item'>\n\t\t\t<dt class='gallery-icon landscape'>\n\t\t\t\t<a href='https:\/\/vay-styves.fr\/?attachment_id=46139'><img loading=\"lazy\" decoding=\"async\" width=\"1024\" height=\"768\" src=\"https:\/\/vay-styves.fr\/wp-content\/uploads\/2022\/04\/IMG_5218-1024x768.jpg\" class=\"attachment-large size-large\" alt=\"\" srcset=\"https:\/\/vay-styves.fr\/wp-content\/uploads\/2022\/04\/IMG_5218-1024x768.jpg 1024w, https:\/\/vay-styves.fr\/wp-content\/uploads\/2022\/04\/IMG_5218-300x225.jpg 300w, https:\/\/vay-styves.fr\/wp-content\/uploads\/2022\/04\/IMG_5218-768x576.jpg 768w, https:\/\/vay-styves.fr\/wp-content\/uploads\/2022\/04\/IMG_5218-1536x1152.jpg 1536w, https:\/\/vay-styves.fr\/wp-content\/uploads\/2022\/04\/IMG_5218-2048x1536.jpg 2048w, https:\/\/vay-styves.fr\/wp-content\/uploads\/2022\/04\/IMG_5218-1440x1080.jpg 1440w\" sizes=\"auto, (max-width: 1024px) 100vw, 1024px\" \/><\/a>\n\t\t\t<\/dt><\/dl><dl class='gallery-item'>\n\t\t\t<dt class='gallery-icon portrait'>\n\t\t\t\t<a href='https:\/\/vay-styves.fr\/?attachment_id=46140'><img loading=\"lazy\" decoding=\"async\" width=\"768\" height=\"1024\" src=\"https:\/\/vay-styves.fr\/wp-content\/uploads\/2022\/04\/IMG_5222-768x1024.jpg\" class=\"attachment-large size-large\" alt=\"\" srcset=\"https:\/\/vay-styves.fr\/wp-content\/uploads\/2022\/04\/IMG_5222-768x1024.jpg 768w, https:\/\/vay-styves.fr\/wp-content\/uploads\/2022\/04\/IMG_5222-225x300.jpg 225w, https:\/\/vay-styves.fr\/wp-content\/uploads\/2022\/04\/IMG_5222-300x400.jpg 300w, https:\/\/vay-styves.fr\/wp-content\/uploads\/2022\/04\/IMG_5222-1152x1536.jpg 1152w, https:\/\/vay-styves.fr\/wp-content\/uploads\/2022\/04\/IMG_5222-1536x2048.jpg 1536w, https:\/\/vay-styves.fr\/wp-content\/uploads\/2022\/04\/IMG_5222-1024x1365.jpg 1024w, https:\/\/vay-styves.fr\/wp-content\/uploads\/2022\/04\/IMG_5222-810x1080.jpg 810w, https:\/\/vay-styves.fr\/wp-content\/uploads\/2022\/04\/IMG_5222-scaled.jpg 1920w\" sizes=\"auto, (max-width: 768px) 100vw, 768px\" \/><\/a>\n\t\t\t<\/dt><\/dl><br style=\"clear: both\" \/><dl class='gallery-item'>\n\t\t\t<dt class='gallery-icon portrait'>\n\t\t\t\t<a href='https:\/\/vay-styves.fr\/?attachment_id=46141'><img loading=\"lazy\" decoding=\"async\" width=\"768\" height=\"1024\" src=\"https:\/\/vay-styves.fr\/wp-content\/uploads\/2022\/04\/IMG_5223-768x1024.jpg\" class=\"attachment-large size-large\" alt=\"\" srcset=\"https:\/\/vay-styves.fr\/wp-content\/uploads\/2022\/04\/IMG_5223-768x1024.jpg 768w, https:\/\/vay-styves.fr\/wp-content\/uploads\/2022\/04\/IMG_5223-225x300.jpg 225w, https:\/\/vay-styves.fr\/wp-content\/uploads\/2022\/04\/IMG_5223-300x400.jpg 300w, https:\/\/vay-styves.fr\/wp-content\/uploads\/2022\/04\/IMG_5223-1152x1536.jpg 1152w, https:\/\/vay-styves.fr\/wp-content\/uploads\/2022\/04\/IMG_5223-1536x2048.jpg 1536w, https:\/\/vay-styves.fr\/wp-content\/uploads\/2022\/04\/IMG_5223-1024x1365.jpg 1024w, https:\/\/vay-styves.fr\/wp-content\/uploads\/2022\/04\/IMG_5223-810x1080.jpg 810w, https:\/\/vay-styves.fr\/wp-content\/uploads\/2022\/04\/IMG_5223-scaled.jpg 1920w\" sizes=\"auto, (max-width: 768px) 100vw, 768px\" \/><\/a>\n\t\t\t<\/dt><\/dl><dl class='gallery-item'>\n\t\t\t<dt class='gallery-icon portrait'>\n\t\t\t\t<a href='https:\/\/vay-styves.fr\/?attachment_id=46142'><img loading=\"lazy\" decoding=\"async\" width=\"768\" height=\"1024\" src=\"https:\/\/vay-styves.fr\/wp-content\/uploads\/2022\/04\/IMG_5225-768x1024.jpg\" class=\"attachment-large size-large\" alt=\"\" srcset=\"https:\/\/vay-styves.fr\/wp-content\/uploads\/2022\/04\/IMG_5225-768x1024.jpg 768w, https:\/\/vay-styves.fr\/wp-content\/uploads\/2022\/04\/IMG_5225-225x300.jpg 225w, https:\/\/vay-styves.fr\/wp-content\/uploads\/2022\/04\/IMG_5225-300x400.jpg 300w, https:\/\/vay-styves.fr\/wp-content\/uploads\/2022\/04\/IMG_5225-1152x1536.jpg 1152w, https:\/\/vay-styves.fr\/wp-content\/uploads\/2022\/04\/IMG_5225-1536x2048.jpg 1536w, https:\/\/vay-styves.fr\/wp-content\/uploads\/2022\/04\/IMG_5225-1024x1365.jpg 1024w, https:\/\/vay-styves.fr\/wp-content\/uploads\/2022\/04\/IMG_5225-810x1080.jpg 810w, https:\/\/vay-styves.fr\/wp-content\/uploads\/2022\/04\/IMG_5225-scaled.jpg 1920w\" sizes=\"auto, (max-width: 768px) 100vw, 768px\" \/><\/a>\n\t\t\t<\/dt><\/dl><dl class='gallery-item'>\n\t\t\t<dt class='gallery-icon portrait'>\n\t\t\t\t<a href='https:\/\/vay-styves.fr\/?attachment_id=46143'><img loading=\"lazy\" decoding=\"async\" width=\"768\" height=\"1024\" src=\"https:\/\/vay-styves.fr\/wp-content\/uploads\/2022\/04\/IMG_5226-768x1024.jpg\" class=\"attachment-large size-large\" alt=\"\" srcset=\"https:\/\/vay-styves.fr\/wp-content\/uploads\/2022\/04\/IMG_5226-768x1024.jpg 768w, https:\/\/vay-styves.fr\/wp-content\/uploads\/2022\/04\/IMG_5226-225x300.jpg 225w, https:\/\/vay-styves.fr\/wp-content\/uploads\/2022\/04\/IMG_5226-300x400.jpg 300w, https:\/\/vay-styves.fr\/wp-content\/uploads\/2022\/04\/IMG_5226-1152x1536.jpg 1152w, https:\/\/vay-styves.fr\/wp-content\/uploads\/2022\/04\/IMG_5226-1536x2048.jpg 1536w, https:\/\/vay-styves.fr\/wp-content\/uploads\/2022\/04\/IMG_5226-1024x1365.jpg 1024w, https:\/\/vay-styves.fr\/wp-content\/uploads\/2022\/04\/IMG_5226-810x1080.jpg 810w, https:\/\/vay-styves.fr\/wp-content\/uploads\/2022\/04\/IMG_5226-scaled.jpg 1920w\" sizes=\"auto, (max-width: 768px) 100vw, 768px\" \/><\/a>\n\t\t\t<\/dt><\/dl><br style=\"clear: both\" \/>\n\t\t<\/div>\n\n<div id=\"sconnect-is-installed\" style=\"display: none;\">&nbsp;<\/div>\n<div id=\"sconnect-is-installed\" style=\"display: none;\">&nbsp;<\/div>\n<div id=\"sconnect-is-installed\" style=\"display: none;\">&nbsp;<\/div>\n","protected":false},"excerpt":{"rendered":"<p>La restauration est assur\u00e9e par la mairie. Depuis janvier 2020, les enfants sont accueillis dans le nouveau p\u00f4le enfance, 25 route de Pless\u00e9. Pour s&rsquo;y rendre, les enfants empruntent un court chemin en bordure de for\u00eat. Pour plus d&rsquo;informations, vous pouvez contacter la mairie : https:\/\/www.vay.fr\/le-restaurant-municipal\/ Les menus sont \u00e9galement visibles sur cette page. &nbsp;&hellip; <br \/> <a class=\"read-more\" href=\"https:\/\/vay-styves.fr\/?page_id=46137\">Lire la suite<\/a><\/p>\n","protected":false},"author":11,"featured_media":0,"parent":0,"menu_order":0,"comment_status":"closed","ping_status":"closed","template":"","meta":{"ngg_post_thumbnail":0,"footnotes":""},"class_list":["post-46137","page","type-page","status-publish","hentry"],"_links":{"self":[{"href":"https:\/\/vay-styves.fr\/index.php?rest_route=\/wp\/v2\/pages\/46137","targetHints":{"allow":["GET"]}}],"collection":[{"href":"https:\/\/vay-styves.fr\/index.php?rest_route=\/wp\/v2\/pages"}],"about":[{"href":"https:\/\/vay-styves.fr\/index.php?rest_route=\/wp\/v2\/types\/page"}],"author":[{"embeddable":true,"href":"https:\/\/vay-styves.fr\/index.php?rest_route=\/wp\/v2\/users\/11"}],"replies":[{"embeddable":true,"href":"https:\/\/vay-styves.fr\/index.php?rest_route=%2Fwp%2Fv2%2Fcomments&post=46137"}],"version-history":[{"count":5,"href":"https:\/\/vay-styves.fr\/index.php?rest_route=\/wp\/v2\/pages\/46137\/revisions"}],"predecessor-version":[{"id":46154,"href":"https:\/\/vay-styves.fr\/index.php?rest_route=\/wp\/v2\/pages\/46137\/revisions\/46154"}],"wp:attachment":[{"href":"https:\/\/vay-styves.fr\/index.php?rest_route=%2Fwp%2Fv2%2Fmedia&parent=46137"}],"curies":[{"name":"wp","href":"https:\/\/api.w.org\/{rel}","templated":true}]}}