{"id":134,"date":"2015-01-21T23:20:54","date_gmt":"2015-01-21T22:20:54","guid":{"rendered":"https:\/\/vay-styves.fr\/?page_id=134"},"modified":"2023-09-24T08:36:41","modified_gmt":"2023-09-24T07:36:41","slug":"infos-asc","status":"publish","type":"page","link":"https:\/\/vay-styves.fr\/?page_id=134","title":{"rendered":"ASC"},"content":{"rendered":"<p>2 associations travaillent main dans la main au niveau de notre \u00e9cole et en lien constant avec le chef d\u2019\u00c9tablissement :<\/p>\n<p>&#8211; l&rsquo;ASC qui organise les diff\u00e9rentes manifestations : march\u00e9 de No\u00ebl, kermesse, op\u00e9rations comme la vente des g\u00e2teaux BIJOU&#8230;<\/p>\n<p>&#8211; l&rsquo;OGEC qui a comme missions principales l&rsquo;immobilier, les travaux, le budget de l&rsquo;\u00e9cole et le personnel non enseignant (aides maternelles).<\/p>\n<p>Chaque association est compos\u00e9e de membres et par l&rsquo;interm\u00e9diaire du cahier de liaison ou de ce site, des appels sont faits aux familles pour l&rsquo;organisation des f\u00eates, les travaux&#8230;<\/p>\n<p><span style=\"color: #339966;\"><strong><span style=\"text-decoration: underline;\">Mail de l&rsquo;ASC: asc.ecole.saintyves@gmail.com<\/span><\/strong><\/span><\/p>\n<p>Facebook : <a href=\"https:\/\/www.facebook.com\/ASCVay\">https:\/\/www.facebook.com\/ASCVay<\/a><\/p>\n<p>&nbsp;<\/p>\n<p><span style=\"text-decoration: underline;\">Membres de l&rsquo;ASC<\/span> :<\/p>\n<p>&#8211; Pr\u00e9sident : Mr Lemaitre<\/p>\n<p>-Vice-pr\u00e9sidente : Mme Delorme<\/p>\n<p>-Tr\u00e9sori\u00e8re : Mme Jacq<\/p>\n<p>-Secr\u00e9taire : Mme Leroy<\/p>\n<p>Membres ASC :&nbsp; ETIENNE Marie, DELORME Julie, RICHARD Sylvain , BELISSON Audrey, LIBOIS Arnaud, MAINGUET C\u00e9dric, GUILLEMARD Lolita, JOURDAN-DESRUES Aur\u00e9lie, LEROY Pauline .<\/p>\n<p><a href=\"https:\/\/vay-styves.fr\/wp-content\/uploads\/2023\/02\/P1170169-scaled.jpg\"><img loading=\"lazy\" decoding=\"async\" class=\"aligncenter size-large wp-image-47231\" src=\"https:\/\/vay-styves.fr\/wp-content\/uploads\/2023\/02\/P1170169-1024x768.jpg\" alt=\"\" width=\"1024\" height=\"768\" srcset=\"https:\/\/vay-styves.fr\/wp-content\/uploads\/2023\/02\/P1170169-1024x768.jpg 1024w, https:\/\/vay-styves.fr\/wp-content\/uploads\/2023\/02\/P1170169-300x225.jpg 300w, https:\/\/vay-styves.fr\/wp-content\/uploads\/2023\/02\/P1170169-768x576.jpg 768w, https:\/\/vay-styves.fr\/wp-content\/uploads\/2023\/02\/P1170169-1536x1152.jpg 1536w, https:\/\/vay-styves.fr\/wp-content\/uploads\/2023\/02\/P1170169-2048x1536.jpg 2048w, https:\/\/vay-styves.fr\/wp-content\/uploads\/2023\/02\/P1170169-1440x1080.jpg 1440w\" sizes=\"auto, (max-width: 1024px) 100vw, 1024px\" \/><\/a><\/p>\n<p>&nbsp;<\/p>\n<div id=\"sconnect-is-installed\" style=\"display: none;\">&nbsp;<\/div>\n<div id=\"sconnect-is-installed\" style=\"display: none;\">&nbsp;<\/div>\n<div id=\"sconnect-is-installed\" style=\"display: none;\">&nbsp;<\/div>\n<div id=\"sconnect-is-installed\" style=\"display: none;\">&nbsp;<\/div>\n<div id=\"sconnect-is-installed\" style=\"display: none;\">&nbsp;<\/div>\n","protected":false},"excerpt":{"rendered":"<p>2 associations travaillent main dans la main au niveau de notre \u00e9cole et en lien constant avec le chef d\u2019\u00c9tablissement : &#8211; l&rsquo;ASC qui organise les diff\u00e9rentes manifestations : march\u00e9 de No\u00ebl, kermesse, op\u00e9rations comme la vente des g\u00e2teaux BIJOU&#8230; &#8211; l&rsquo;OGEC qui a comme missions principales l&rsquo;immobilier, les travaux, le budget de l&rsquo;\u00e9cole et&hellip; <br \/> <a class=\"read-more\" href=\"https:\/\/vay-styves.fr\/?page_id=134\">Lire la suite<\/a><\/p>\n","protected":false},"author":11,"featured_media":0,"parent":0,"menu_order":0,"comment_status":"closed","ping_status":"closed","template":"","meta":{"ngg_post_thumbnail":0,"footnotes":""},"class_list":["post-134","page","type-page","status-publish","hentry"],"_links":{"self":[{"href":"https:\/\/vay-styves.fr\/index.php?rest_route=\/wp\/v2\/pages\/134","targetHints":{"allow":["GET"]}}],"collection":[{"href":"https:\/\/vay-styves.fr\/index.php?rest_route=\/wp\/v2\/pages"}],"about":[{"href":"https:\/\/vay-styves.fr\/index.php?rest_route=\/wp\/v2\/types\/page"}],"author":[{"embeddable":true,"href":"https:\/\/vay-styves.fr\/index.php?rest_route=\/wp\/v2\/users\/11"}],"replies":[{"embeddable":true,"href":"https:\/\/vay-styves.fr\/index.php?rest_route=%2Fwp%2Fv2%2Fcomments&post=134"}],"version-history":[{"count":7,"href":"https:\/\/vay-styves.fr\/index.php?rest_route=\/wp\/v2\/pages\/134\/revisions"}],"predecessor-version":[{"id":47547,"href":"https:\/\/vay-styves.fr\/index.php?rest_route=\/wp\/v2\/pages\/134\/revisions\/47547"}],"wp:attachment":[{"href":"https:\/\/vay-styves.fr\/index.php?rest_route=%2Fwp%2Fv2%2Fmedia&parent=134"}],"curies":[{"name":"wp","href":"https:\/\/api.w.org\/{rel}","templated":true}]}}